{"id":6231,"date":"2019-07-25T18:04:26","date_gmt":"2019-07-25T16:04:26","guid":{"rendered":"http:\/\/www.bachatasensual.com\/?page_id=6231"},"modified":"2019-07-26T09:37:11","modified_gmt":"2019-07-26T07:37:11","slug":"encuentra-tu-instructor","status":"publish","type":"page","link":"https:\/\/archive.bachatasensual.com\/es\/encuentra-tu-instructor\/","title":{"rendered":"Encuentra tu instructor"},"content":{"rendered":"<h2 style=\"text-align: center;\"><strong>ENCUENTRA TU INSTRUCTOR<\/strong><\/h2>\n<p style=\"text-align: center;\">Si quieres aprender c\u00f3mo bailar Bachata Sensual, aprender la t\u00e9cnica, conocer nueva gente, hacer amigos y unirte a la familia de Bachata Sensual, aqu\u00ed encontrar\u00e1s la lista oficial de los instructores.<\/p>\n<p style=\"text-align: center;\">Esto se ha convertido en una gran comunidad de personas que comparten la misma pasi\u00f3n por este estilo de baile y lo desean expandir al ense\u00f1arlo en su ciudad, \u00a1al igual que lo har\u00edan los Maestros! Como ya sabes, la familia es muy importante para nosotros y aspiramos a cuidar bien de nuestros miembros ofreci\u00e9ndoles la mejor ense\u00f1anza, \u00a1ustedes nos hacen orgullosos!<\/p>\n<p>[ultimatemember form_id=\u00bb19&#8243;]<\/p>\n","protected":false},"excerpt":{"rendered":"<p>ENCUENTRA TU INSTRUCTOR Si quieres aprender c\u00f3mo bailar Bachata Sensual, aprender la t\u00e9cnica, conocer nueva gente, hacer amigos y unirte a la familia de Bachata Sensual, aqu\u00ed encontrar\u00e1s la lista oficial de los instructores. Esto se ha convertido en una gran comunidad de personas que comparten la misma pasi\u00f3n por este estilo de baile y [&hellip;]<\/p>\n","protected":false},"author":1012,"featured_media":0,"parent":0,"menu_order":0,"comment_status":"closed","ping_status":"closed","template":"","meta":{"footnotes":""},"class_list":["post-6231","page","type-page","status-publish","hentry","entry"],"_links":{"self":[{"href":"https:\/\/archive.bachatasensual.com\/es\/wp-json\/wp\/v2\/pages\/6231","targetHints":{"allow":["GET"]}}],"collection":[{"href":"https:\/\/archive.bachatasensual.com\/es\/wp-json\/wp\/v2\/pages"}],"about":[{"href":"https:\/\/archive.bachatasensual.com\/es\/wp-json\/wp\/v2\/types\/page"}],"author":[{"embeddable":true,"href":"https:\/\/archive.bachatasensual.com\/es\/wp-json\/wp\/v2\/users\/1012"}],"replies":[{"embeddable":true,"href":"https:\/\/archive.bachatasensual.com\/es\/wp-json\/wp\/v2\/comments?post=6231"}],"version-history":[{"count":3,"href":"https:\/\/archive.bachatasensual.com\/es\/wp-json\/wp\/v2\/pages\/6231\/revisions"}],"predecessor-version":[{"id":6376,"href":"https:\/\/archive.bachatasensual.com\/es\/wp-json\/wp\/v2\/pages\/6231\/revisions\/6376"}],"wp:attachment":[{"href":"https:\/\/archive.bachatasensual.com\/es\/wp-json\/wp\/v2\/media?parent=6231"}],"curies":[{"name":"wp","href":"https:\/\/api.w.org\/{rel}","templated":true}]}}